{"id":17,"date":"2017-10-19T10:04:16","date_gmt":"2017-10-19T10:04:16","guid":{"rendered":"http:\/\/saas2.oxy.host\/?page_id=30"},"modified":"2025-12-20T11:15:20","modified_gmt":"2025-12-20T11:15:20","slug":"kunden","status":"publish","type":"page","link":"https:\/\/redbridge-ems.ch\/it\/kunden\/","title":{"rendered":"Clienti"},"content":{"rendered":"","protected":false},"excerpt":{"rendered":"","protected":false},"author":1,"featured_media":0,"parent":0,"menu_order":0,"comment_status":"closed","ping_status":"closed","template":"","meta":{"footnotes":""},"class_list":["post-17","page","type-page","status-publish","hentry"],"yoast_head":"<!-- This site is optimized with the Yoast SEO plugin v27.3 - https:\/\/yoast.com\/product\/yoast-seo-wordpress\/ -->\n<title>PCBA f\u00fcr Entwicklungsb\u00fcros und Beschaffung | RedBridge EMS<\/title>\n<meta name=\"description\" content=\"PCBA Elektronikbest\u00fcckung direkt aus China \u2013 perfekt f\u00fcr Entwicklungsb\u00fcros und Beschaffungsteams, die mehr Budget f\u00fcr Innovation freisetzen m\u00f6chten.\" \/>\n<meta name=\"robots\" content=\"index, follow, max-snippet:-1, max-image-preview:large, max-video-preview:-1\" \/>\n<link rel=\"canonical\" href=\"https:\/\/redbridge-ems.ch\/it\/kunden\/\" \/>\n<meta property=\"og:locale\" content=\"it_IT\" \/>\n<meta property=\"og:type\" content=\"article\" \/>\n<meta property=\"og:title\" content=\"PCBA f\u00fcr Entwicklungsb\u00fcros und Beschaffung | RedBridge EMS\" \/>\n<meta property=\"og:description\" content=\"PCBA Elektronikbest\u00fcckung direkt aus China \u2013 perfekt f\u00fcr Entwicklungsb\u00fcros und Beschaffungsteams, die mehr Budget f\u00fcr Innovation freisetzen m\u00f6chten.\" \/>\n<meta property=\"og:url\" content=\"https:\/\/redbridge-ems.ch\/it\/kunden\/\" \/>\n<meta property=\"og:site_name\" content=\"RedBridge EMS\" \/>\n<meta property=\"article:modified_time\" content=\"2025-12-20T11:15:20+00:00\" \/>\n<meta name=\"twitter:card\" content=\"summary_large_image\" \/>\n<meta name=\"twitter:label1\" content=\"Tempo di lettura stimato\" \/>\n\t<meta name=\"twitter:data1\" content=\"1 minuto\" \/>\n<script type=\"application\/ld+json\" class=\"yoast-schema-graph\">{\"@context\":\"https:\\\/\\\/schema.org\",\"@graph\":[{\"@type\":\"WebPage\",\"@id\":\"https:\\\/\\\/redbridge-ems.ch\\\/kunden\\\/\",\"url\":\"https:\\\/\\\/redbridge-ems.ch\\\/kunden\\\/\",\"name\":\"PCBA f\u00fcr Entwicklungsb\u00fcros und Beschaffung | RedBridge EMS\",\"isPartOf\":{\"@id\":\"https:\\\/\\\/redbridge-ems.ch\\\/#website\"},\"datePublished\":\"2017-10-19T10:04:16+00:00\",\"dateModified\":\"2025-12-20T11:15:20+00:00\",\"description\":\"PCBA Elektronikbest\u00fcckung direkt aus China \u2013 perfekt f\u00fcr Entwicklungsb\u00fcros und Beschaffungsteams, die mehr Budget f\u00fcr Innovation freisetzen m\u00f6chten.\",\"breadcrumb\":{\"@id\":\"https:\\\/\\\/redbridge-ems.ch\\\/kunden\\\/#breadcrumb\"},\"inLanguage\":\"it-IT\",\"potentialAction\":[{\"@type\":\"ReadAction\",\"target\":[\"https:\\\/\\\/redbridge-ems.ch\\\/kunden\\\/\"]}]},{\"@type\":\"BreadcrumbList\",\"@id\":\"https:\\\/\\\/redbridge-ems.ch\\\/kunden\\\/#breadcrumb\",\"itemListElement\":[{\"@type\":\"ListItem\",\"position\":1,\"name\":\"Startseite\",\"item\":\"https:\\\/\\\/redbridge-ems.ch\\\/\"},{\"@type\":\"ListItem\",\"position\":2,\"name\":\"Unsere Kunden\"}]},{\"@type\":\"WebSite\",\"@id\":\"https:\\\/\\\/redbridge-ems.ch\\\/#website\",\"url\":\"https:\\\/\\\/redbridge-ems.ch\\\/\",\"name\":\"RedBridge EMS\",\"description\":\"EMS Fertigung - Mehr Budget f\u00fcr Innovation\",\"potentialAction\":[{\"@type\":\"SearchAction\",\"target\":{\"@type\":\"EntryPoint\",\"urlTemplate\":\"https:\\\/\\\/redbridge-ems.ch\\\/?s={search_term_string}\"},\"query-input\":{\"@type\":\"PropertyValueSpecification\",\"valueRequired\":true,\"valueName\":\"search_term_string\"}}],\"inLanguage\":\"it-IT\"}]}<\/script>\n<!-- \/ Yoast SEO plugin. -->","yoast_head_json":{"title":"PCBA f\u00fcr Entwicklungsb\u00fcros und Beschaffung | RedBridge EMS","description":"PCBA Elektronikbest\u00fcckung direkt aus China \u2013 perfekt f\u00fcr Entwicklungsb\u00fcros und Beschaffungsteams, die mehr Budget f\u00fcr Innovation freisetzen m\u00f6chten.","robots":{"index":"index","follow":"follow","max-snippet":"max-snippet:-1","max-image-preview":"max-image-preview:large","max-video-preview":"max-video-preview:-1"},"canonical":"https:\/\/redbridge-ems.ch\/it\/kunden\/","og_locale":"it_IT","og_type":"article","og_title":"PCBA f\u00fcr Entwicklungsb\u00fcros und Beschaffung | RedBridge EMS","og_description":"PCBA Elektronikbest\u00fcckung direkt aus China \u2013 perfekt f\u00fcr Entwicklungsb\u00fcros und Beschaffungsteams, die mehr Budget f\u00fcr Innovation freisetzen m\u00f6chten.","og_url":"https:\/\/redbridge-ems.ch\/it\/kunden\/","og_site_name":"RedBridge EMS","article_modified_time":"2025-12-20T11:15:20+00:00","twitter_card":"summary_large_image","twitter_misc":{"Tempo di lettura stimato":"1 minuto"},"schema":{"@context":"https:\/\/schema.org","@graph":[{"@type":"WebPage","@id":"https:\/\/redbridge-ems.ch\/kunden\/","url":"https:\/\/redbridge-ems.ch\/kunden\/","name":"PCBA f\u00fcr Entwicklungsb\u00fcros und Beschaffung | RedBridge EMS","isPartOf":{"@id":"https:\/\/redbridge-ems.ch\/#website"},"datePublished":"2017-10-19T10:04:16+00:00","dateModified":"2025-12-20T11:15:20+00:00","description":"PCBA Elektronikbest\u00fcckung direkt aus China \u2013 perfekt f\u00fcr Entwicklungsb\u00fcros und Beschaffungsteams, die mehr Budget f\u00fcr Innovation freisetzen m\u00f6chten.","breadcrumb":{"@id":"https:\/\/redbridge-ems.ch\/kunden\/#breadcrumb"},"inLanguage":"it-IT","potentialAction":[{"@type":"ReadAction","target":["https:\/\/redbridge-ems.ch\/kunden\/"]}]},{"@type":"BreadcrumbList","@id":"https:\/\/redbridge-ems.ch\/kunden\/#breadcrumb","itemListElement":[{"@type":"ListItem","position":1,"name":"Startseite","item":"https:\/\/redbridge-ems.ch\/"},{"@type":"ListItem","position":2,"name":"Unsere Kunden"}]},{"@type":"WebSite","@id":"https:\/\/redbridge-ems.ch\/#website","url":"https:\/\/redbridge-ems.ch\/","name":"RedBridge EMS","description":"EMS Fertigung - Mehr Budget f\u00fcr Innovation","potentialAction":[{"@type":"SearchAction","target":{"@type":"EntryPoint","urlTemplate":"https:\/\/redbridge-ems.ch\/?s={search_term_string}"},"query-input":{"@type":"PropertyValueSpecification","valueRequired":true,"valueName":"search_term_string"}}],"inLanguage":"it-IT"}]}},"_links":{"self":[{"href":"https:\/\/redbridge-ems.ch\/it\/wp-json\/wp\/v2\/pages\/17","targetHints":{"allow":["GET"]}}],"collection":[{"href":"https:\/\/redbridge-ems.ch\/it\/wp-json\/wp\/v2\/pages"}],"about":[{"href":"https:\/\/redbridge-ems.ch\/it\/wp-json\/wp\/v2\/types\/page"}],"author":[{"embeddable":true,"href":"https:\/\/redbridge-ems.ch\/it\/wp-json\/wp\/v2\/users\/1"}],"replies":[{"embeddable":true,"href":"https:\/\/redbridge-ems.ch\/it\/wp-json\/wp\/v2\/comments?post=17"}],"version-history":[{"count":5,"href":"https:\/\/redbridge-ems.ch\/it\/wp-json\/wp\/v2\/pages\/17\/revisions"}],"predecessor-version":[{"id":101,"href":"https:\/\/redbridge-ems.ch\/it\/wp-json\/wp\/v2\/pages\/17\/revisions\/101"}],"wp:attachment":[{"href":"https:\/\/redbridge-ems.ch\/it\/wp-json\/wp\/v2\/media?parent=17"}],"curies":[{"name":"wp","href":"https:\/\/api.w.org\/{rel}","templated":true}]}}